{"id":1220,"date":"2024-05-08T07:23:25","date_gmt":"2024-05-08T07:23:25","guid":{"rendered":"https:\/\/quotex.dev\/?page_id=1220"},"modified":"2024-05-08T13:14:08","modified_gmt":"2024-05-08T13:14:08","slug":"program-afiliasi","status":"publish","type":"page","link":"https:\/\/quotex.dev\/pt\/programas-afiliados\/","title":{"rendered":"Termos e Condi\u00e7\u00f5es do Programa de Afiliados da Quotex"},"content":{"rendered":"<div data-elementor-type=\"wp-page\" data-elementor-id=\"1220\" class=\"elementor elementor-1220\">\n\t\t\t\t\t\t<section class=\"elementor-section elementor-top-section elementor-element elementor-element-434bda7 elementor-section-boxed elementor-section-height-default elementor-section-height-default\" data-id=\"434bda7\" data-element_type=\"section\" data-e-type=\"section\" data-settings=\"{&quot;background_background&quot;:&quot;classic&quot;}\">\n\t\t\t\t\t\t<div class=\"elementor-container elementor-column-gap-default\">\n\t\t\t\t\t<div class=\"elementor-column elementor-col-100 elementor-top-column elementor-element elementor-element-53eb7d1\" data-id=\"53eb7d1\" data-element_type=\"column\" data-e-type=\"column\">\n\t\t\t<div class=\"elementor-widget-wrap elementor-element-populated\">\n\t\t\t\t\t\t<div class=\"elementor-element elementor-element-f7f6231 elementor-widget elementor-widget-heading\" data-id=\"f7f6231\" data-element_type=\"widget\" data-e-type=\"widget\" data-widget_type=\"heading.default\">\n\t\t\t\t<div class=\"elementor-widget-container\">\n\t\t\t\t\t<h2 class=\"elementor-heading-title elementor-size-default\">Termos e condi\u00e7\u00f5es do programa<br>Afiliados da Quotex<\/h2>\t\t\t\t<\/div>\n\t\t\t\t<\/div>\n\t\t\t\t\t<\/div>\n\t\t<\/div>\n\t\t\t\t\t<\/div>\n\t\t<\/section>\n\t\t\t\t<section class=\"elementor-section elementor-top-section elementor-element elementor-element-1e0cfe3 elementor-section-boxed elementor-section-height-default elementor-section-height-default\" data-id=\"1e0cfe3\" data-element_type=\"section\" data-e-type=\"section\">\n\t\t\t\t\t\t<div class=\"elementor-container elementor-column-gap-default\">\n\t\t\t\t\t<div class=\"elementor-column elementor-col-100 elementor-top-column elementor-element elementor-element-01c4960\" data-id=\"01c4960\" data-element_type=\"column\" data-e-type=\"column\">\n\t\t\t<div class=\"elementor-widget-wrap elementor-element-populated\">\n\t\t\t\t\t\t<div class=\"elementor-element elementor-element-e53de32 elementor-widget elementor-widget-text-editor\" data-id=\"e53de32\" data-element_type=\"widget\" data-e-type=\"widget\" data-widget_type=\"text-editor.default\">\n\t\t\t\t<div class=\"elementor-widget-container\">\n\t\t\t\t\t\t\t\t\t<p>A plataforma de negocia\u00e7\u00e3o da Quotex tem um programa de afiliados que oferece pagamentos de comiss\u00e3o com base em dois modelos:<\/p><ul><li><span style=\"color: #ffffff;\"><strong>Participa\u00e7\u00e3o nos lucros<\/strong><\/span><\/li><li><span style=\"color: #ffffff;\"><strong>Compartilhamento de volume de neg\u00f3cios<\/strong><\/span><\/li><\/ul><p>Em ambos os modelos, o valor da comiss\u00e3o depende do n\u00edvel atual do afiliado.<\/p><h5>O que \u00e9 um N\u00edvel de Afiliado?<\/h5><p>Atribu\u00edmos um determinado n\u00edvel a cada afiliado por m\u00eas com base no desempenho do m\u00eas anterior. Esse n\u00edvel depende da quantidade de dep\u00f3sitos que os traders indicados por voc\u00ea fizeram no m\u00eas anterior. Quanto mais alto for o n\u00edvel de afiliado, maior ser\u00e1 a porcentagem de comiss\u00e3o que voc\u00ea receber\u00e1 em nosso programa de afiliados. O n\u00edvel inicial para todos os afiliados ao se registrarem \u00e9 o N\u00edvel 1. Isso significa que voc\u00ea recebe 50% da receita da plataforma no modelo de Compartilhamento de Receita, ou 2% do volume de neg\u00f3cios no modelo de Compartilhamento de Volume de Neg\u00f3cios.<\/p><h5>Modelo de participa\u00e7\u00e3o nos lucros<\/h5><p>Se voc\u00ea se tornar um afiliado com base nesse modelo de c\u00e1lculo, ganhar\u00e1 uma porcentagem dos lucros da plataforma de cada operador indicado. Com base no n\u00famero de dep\u00f3sitos que todos os traders indicados fizerem em um m\u00eas, os afiliados receber\u00e3o um dos sete n\u00edveis. Os n\u00edveis s\u00e3o recalculados no primeiro dia do m\u00eas seguinte com base nos resultados do m\u00eas anterior.<\/p><p>Se a plataforma obtiver um resultado negativo, a comiss\u00e3o do afiliado tamb\u00e9m ser\u00e1 creditada com base no n\u00edvel atribu\u00eddo, mas a comiss\u00e3o para transa\u00e7\u00f5es n\u00e3o lucrativas ser\u00e1 reduzida.<\/p><p><strong>Esse \u00e9 o valor da taxa de juros do Afiliado dependendo do valor dos dep\u00f3sitos dos traders com base no modelo de Participa\u00e7\u00e3o nos Lucros:<\/strong><\/p><p><span style=\"color: #ffffff;\">N\u00edvel de dep\u00f3sito por m\u00eas Comiss\u00e3o de afiliados:<\/span><\/p><ol><li><strong><span style=\"color: #ffffff;\">0 \u2014 14 50%<\/span><\/strong><\/li><li><strong><span style=\"color: #ffffff;\">15 \u2014 49 55%<\/span><\/strong><\/li><li><strong><span style=\"color: #ffffff;\">50 \u2014 99 60%<\/span><\/strong><\/li><li><strong><span style=\"color: #ffffff;\">100 \u2014 199 65%<\/span><\/strong><\/li><li><strong><span style=\"color: #ffffff;\">200 \u2014 399 70%<\/span><\/strong><\/li><li><strong><span style=\"color: #ffffff;\">400 \u2014 699 75%<\/span><\/strong><\/li><li><strong><span style=\"color: #ffffff;\">700 ou mais 80%<\/span><\/strong><\/li><\/ol><p><span style=\"color: #ffffff;\"><strong>N\u00edvel de dep\u00f3sito por m\u00eas Comiss\u00e3o de afiliados:<\/strong><\/span><\/p>\t\t\t\t\t\t\t\t<\/div>\n\t\t\t\t<\/div>\n\t\t\t\t\t<\/div>\n\t\t<\/div>\n\t\t\t\t\t<\/div>\n\t\t<\/section>\n\t\t\t\t<section class=\"elementor-section elementor-top-section elementor-element elementor-element-a0d1444 elementor-section-boxed elementor-section-height-default elementor-section-height-default\" data-id=\"a0d1444\" data-element_type=\"section\" data-e-type=\"section\">\n\t\t\t\t\t\t<div class=\"elementor-container elementor-column-gap-default\">\n\t\t\t\t\t<div class=\"elementor-column elementor-col-100 elementor-top-column elementor-element elementor-element-77a46ae\" data-id=\"77a46ae\" data-element_type=\"column\" data-e-type=\"column\">\n\t\t\t<div class=\"elementor-widget-wrap elementor-element-populated\">\n\t\t\t\t\t\t<div class=\"elementor-element elementor-element-8bde706 elementor-widget elementor-widget-heading\" data-id=\"8bde706\" data-element_type=\"widget\" data-e-type=\"widget\" data-widget_type=\"heading.default\">\n\t\t\t\t<div class=\"elementor-widget-container\">\n\t\t\t\t\t<h3 class=\"elementor-heading-title elementor-size-default\">Modelo de rotatividade<\/h3>\t\t\t\t<\/div>\n\t\t\t\t<\/div>\n\t\t\t\t\t<\/div>\n\t\t<\/div>\n\t\t\t\t\t<\/div>\n\t\t<\/section>\n\t\t\t\t<section class=\"elementor-section elementor-top-section elementor-element elementor-element-d8f38f5 elementor-section-boxed elementor-section-height-default elementor-section-height-default\" data-id=\"d8f38f5\" data-element_type=\"section\" data-e-type=\"section\">\n\t\t\t\t\t\t<div class=\"elementor-container elementor-column-gap-default\">\n\t\t\t\t\t<div class=\"elementor-column elementor-col-100 elementor-top-column elementor-element elementor-element-9032ca7\" data-id=\"9032ca7\" data-element_type=\"column\" data-e-type=\"column\">\n\t\t\t<div class=\"elementor-widget-wrap elementor-element-populated\">\n\t\t\t\t\t\t<div class=\"elementor-element elementor-element-848c2e3 elementor-widget elementor-widget-text-editor\" data-id=\"848c2e3\" data-element_type=\"widget\" data-e-type=\"widget\" data-widget_type=\"text-editor.default\">\n\t\t\t\t<div class=\"elementor-widget-container\">\n\t\t\t\t\t\t\t\t\t<p>De acordo com os termos de nosso programa de afiliados, os afiliados que trabalham sob o modelo Turnover Share recebem uma comiss\u00e3o percentual do volume de neg\u00f3cios mensal de suas indica\u00e7\u00f5es. A comiss\u00e3o \u00e9 calculada para cada operador separadamente, mas n\u00e3o pode ser maior do que o valor do lucro recebido pela Empresa. Esse percentual pode variar de 2% a 5%, dependendo do n\u00famero de dep\u00f3sitos feitos pelo operador indicado por m\u00eas.<\/p><p>A seguir, s\u00e3o mostrados os valores percentuais de afiliados, dependendo do valor do dep\u00f3sito, com base no modelo Turnover Share:<\/p><p><span style=\"color: #ffffff;\"><strong>N\u00edvel de dep\u00f3sito por m\u00eas Comiss\u00e3o de afiliado<\/strong><\/span><\/p><ol><li><span style=\"color: #ffffff;\"><strong>0 \u2014 14 2.0%<\/strong><\/span><\/li><li><span style=\"color: #ffffff;\"><strong>15 \u2014 49 2.5%<\/strong><\/span><\/li><li><span style=\"color: #ffffff;\"><strong>50 \u2014 99 3.0%<\/strong><\/span><\/li><li><span style=\"color: #ffffff;\"><strong>100 \u2014 199 3.5%<\/strong><\/span><\/li><li><span style=\"color: #ffffff;\"><strong>200 \u2014 399 4.0%<\/strong><\/span><\/li><li><span style=\"color: #ffffff;\"><strong>400 \u2014 699 4.5%<\/strong><\/span><\/li><li><span style=\"color: #ffffff;\"><strong>700 ou mais 5,0%<\/strong><\/span><\/li><\/ol><p><strong>Termos de pagamento da comiss\u00e3o de afiliados<\/strong><\/p><p>A comiss\u00e3o de afiliado \u00e9 paga uma vez ap\u00f3s o afiliado se registrar e indicar seu primeiro trader ativo.<\/p><p>Para receber o primeiro pagamento no programa de afiliados, os afiliados devem atender ao requisito de 10 FTD (Primeiro Dep\u00f3sito). Isso significa que a comiss\u00e3o do afiliado ser\u00e1 acumulada na conta do afiliado at\u00e9 que o trader indicado fa\u00e7a um total de 10 primeiros dep\u00f3sitos. Quando esse requisito for atendido, os afiliados poder\u00e3o sacar os ganhos de sua conta a qualquer momento.<\/p><p>Os pagamentos s\u00e3o creditados aos afiliados uma vez por semana, \u00e0s quintas-feiras. Para receber esses pagamentos, certifique-se de ter adicionado informa\u00e7\u00f5es de faturamento v\u00e1lidas na se\u00e7\u00e3o de saque.<\/p>\t\t\t\t\t\t\t\t<\/div>\n\t\t\t\t<\/div>\n\t\t\t\t<div class=\"elementor-element elementor-element-443ff68 elementor-widget elementor-widget-button\" data-id=\"443ff68\" data-element_type=\"widget\" data-e-type=\"widget\" data-widget_type=\"button.default\">\n\t\t\t\t<div class=\"elementor-widget-container\">\n\t\t\t\t\t\t\t\t\t<div class=\"elementor-button-wrapper\">\n\t\t\t\t\t<a class=\"elementor-button elementor-button-link elementor-size-sm\" href=\"https:\/\/quotex.dev\/pt\/afiliado\/\">\n\t\t\t\t\t\t<span class=\"elementor-button-content-wrapper\">\n\t\t\t\t\t\t\t\t\t<span class=\"elementor-button-text\">Torne-se um parceiro da Quotex<\/span>\n\t\t\t\t\t<\/span>\n\t\t\t\t\t<\/a>\n\t\t\t\t<\/div>\n\t\t\t\t\t\t\t\t<\/div>\n\t\t\t\t<\/div>\n\t\t\t\t\t<\/div>\n\t\t<\/div>\n\t\t\t\t\t<\/div>\n\t\t<\/section>\n\t\t\t\t<\/div>","protected":false},"excerpt":{"rendered":"<p>Syarat dan ketentuan programAfiliasi quotex Platform trading Quotex memiliki program afiliasi yang memberikan pembayaran komisi berdasarkan dua model: Bagi Hasil Bagi Turnover Dalam model mana pun, jumlah komisi bergantung pada level afiliasi saat ini. Apa Itu Level Afiliasi? Kami menugaskan level tertentu pada setiap afiliasi per bulan berdasarkan performa bulan sebelumnya. Level ini bergantung pada&#8230;<\/p>","protected":false},"author":1,"featured_media":0,"parent":0,"menu_order":0,"comment_status":"closed","ping_status":"closed","template":"elementor_header_footer","meta":{"_kadence_starter_templates_imported_post":false,"_kad_post_transparent":"","_kad_post_title":"hide","_kad_post_layout":"fullwidth","_kad_post_sidebar_id":"","_kad_post_content_style":"unboxed","_kad_post_vertical_padding":"hide","_kad_post_feature":"hide","_kad_post_feature_position":"","_kad_post_header":false,"_kad_post_footer":false,"_kad_post_classname":"","footnotes":""},"class_list":["post-1220","page","type-page","status-publish","hentry"],"yoast_head":"<!-- This site is optimized with the Yoast SEO plugin v27.3 - https:\/\/yoast.com\/product\/yoast-seo-wordpress\/ -->\n<title>Syarat dan Ketentuan Program Afiliasi Quotex<\/title>\n<meta name=\"description\" content=\"Kami menugaskan level tertentu pada setiap afiliasi per bulan berdasarkan performa bulan sebelumnya.\" \/>\n<meta name=\"robots\" content=\"index, follow, max-snippet:-1, max-image-preview:large, max-video-preview:-1\" \/>\n<link rel=\"canonical\" href=\"https:\/\/quotex.dev\/pt\/programas-afiliados\/\" \/>\n<meta property=\"og:locale\" content=\"pt_BR\" \/>\n<meta property=\"og:type\" content=\"article\" \/>\n<meta property=\"og:title\" content=\"Syarat dan Ketentuan Program Afiliasi Quotex\" \/>\n<meta property=\"og:description\" content=\"Kami menugaskan level tertentu pada setiap afiliasi per bulan berdasarkan performa bulan sebelumnya.\" \/>\n<meta property=\"og:url\" content=\"https:\/\/quotex.dev\/pt\/programas-afiliados\/\" \/>\n<meta property=\"og:site_name\" content=\"Quotex\" \/>\n<meta property=\"article:publisher\" content=\"https:\/\/www.facebook.com\/quotexio\/\" \/>\n<meta property=\"article:modified_time\" content=\"2024-05-08T13:14:08+00:00\" \/>\n<meta name=\"twitter:card\" content=\"summary_large_image\" \/>\n<meta name=\"twitter:site\" content=\"@quotex_platform\" \/>\n<meta name=\"twitter:label1\" content=\"Est. tempo de leitura\" \/>\n\t<meta name=\"twitter:data1\" content=\"3 minutos\" \/>\n<script type=\"application\/ld+json\" class=\"yoast-schema-graph\">{\"@context\":\"https:\\\/\\\/schema.org\",\"@graph\":[{\"@type\":\"WebPage\",\"@id\":\"https:\\\/\\\/quotex.dev\\\/program-afiliasi\\\/\",\"url\":\"https:\\\/\\\/quotex.dev\\\/program-afiliasi\\\/\",\"name\":\"Syarat dan Ketentuan Program Afiliasi Quotex\",\"isPartOf\":{\"@id\":\"https:\\\/\\\/quotex.dev\\\/#website\"},\"datePublished\":\"2024-05-08T07:23:25+00:00\",\"dateModified\":\"2024-05-08T13:14:08+00:00\",\"description\":\"Kami menugaskan level tertentu pada setiap afiliasi per bulan berdasarkan performa bulan sebelumnya.\",\"breadcrumb\":{\"@id\":\"https:\\\/\\\/quotex.dev\\\/program-afiliasi\\\/#breadcrumb\"},\"inLanguage\":\"pt-BR\",\"potentialAction\":[{\"@type\":\"ReadAction\",\"target\":[\"https:\\\/\\\/quotex.dev\\\/program-afiliasi\\\/\"]}]},{\"@type\":\"BreadcrumbList\",\"@id\":\"https:\\\/\\\/quotex.dev\\\/program-afiliasi\\\/#breadcrumb\",\"itemListElement\":[{\"@type\":\"ListItem\",\"position\":1,\"name\":\"Beranda\",\"item\":\"https:\\\/\\\/quotex.dev\\\/\"},{\"@type\":\"ListItem\",\"position\":2,\"name\":\"Syarat dan Ketentuan Program Afiliasi Quotex\"}]},{\"@type\":\"WebSite\",\"@id\":\"https:\\\/\\\/quotex.dev\\\/#website\",\"url\":\"https:\\\/\\\/quotex.dev\\\/\",\"name\":\"Quotex\",\"description\":\"Platform inovatif untuk investasi online\",\"publisher\":{\"@id\":\"https:\\\/\\\/quotex.dev\\\/#organization\"},\"alternateName\":\"quotex login\",\"potentialAction\":[{\"@type\":\"SearchAction\",\"target\":{\"@type\":\"EntryPoint\",\"urlTemplate\":\"https:\\\/\\\/quotex.dev\\\/?s={search_term_string}\"},\"query-input\":{\"@type\":\"PropertyValueSpecification\",\"valueRequired\":true,\"valueName\":\"search_term_string\"}}],\"inLanguage\":\"pt-BR\"},{\"@type\":\"Organization\",\"@id\":\"https:\\\/\\\/quotex.dev\\\/#organization\",\"name\":\"Quotex\",\"url\":\"https:\\\/\\\/quotex.dev\\\/\",\"logo\":{\"@type\":\"ImageObject\",\"inLanguage\":\"pt-BR\",\"@id\":\"https:\\\/\\\/quotex.dev\\\/#\\\/schema\\\/logo\\\/image\\\/\",\"url\":\"https:\\\/\\\/quotex.dev\\\/wp-content\\\/uploads\\\/2024\\\/05\\\/cropped-favicon_quotex.jpg\",\"contentUrl\":\"https:\\\/\\\/quotex.dev\\\/wp-content\\\/uploads\\\/2024\\\/05\\\/cropped-favicon_quotex.jpg\",\"width\":512,\"height\":512,\"caption\":\"Quotex\"},\"image\":{\"@id\":\"https:\\\/\\\/quotex.dev\\\/#\\\/schema\\\/logo\\\/image\\\/\"},\"sameAs\":[\"https:\\\/\\\/www.facebook.com\\\/quotexio\\\/\",\"https:\\\/\\\/x.com\\\/quotex_platform\"]}]}<\/script>\n<!-- \/ Yoast SEO plugin. -->","yoast_head_json":{"title":"Syarat dan Ketentuan Program Afiliasi Quotex","description":"Kami menugaskan level tertentu pada setiap afiliasi per bulan berdasarkan performa bulan sebelumnya.","robots":{"index":"index","follow":"follow","max-snippet":"max-snippet:-1","max-image-preview":"max-image-preview:large","max-video-preview":"max-video-preview:-1"},"canonical":"https:\/\/quotex.dev\/pt\/programas-afiliados\/","og_locale":"pt_BR","og_type":"article","og_title":"Syarat dan Ketentuan Program Afiliasi Quotex","og_description":"Kami menugaskan level tertentu pada setiap afiliasi per bulan berdasarkan performa bulan sebelumnya.","og_url":"https:\/\/quotex.dev\/pt\/programas-afiliados\/","og_site_name":"Quotex","article_publisher":"https:\/\/www.facebook.com\/quotexio\/","article_modified_time":"2024-05-08T13:14:08+00:00","twitter_card":"summary_large_image","twitter_site":"@quotex_platform","twitter_misc":{"Est. tempo de leitura":"3 minutos"},"schema":{"@context":"https:\/\/schema.org","@graph":[{"@type":"WebPage","@id":"https:\/\/quotex.dev\/program-afiliasi\/","url":"https:\/\/quotex.dev\/program-afiliasi\/","name":"Syarat dan Ketentuan Program Afiliasi Quotex","isPartOf":{"@id":"https:\/\/quotex.dev\/#website"},"datePublished":"2024-05-08T07:23:25+00:00","dateModified":"2024-05-08T13:14:08+00:00","description":"Kami menugaskan level tertentu pada setiap afiliasi per bulan berdasarkan performa bulan sebelumnya.","breadcrumb":{"@id":"https:\/\/quotex.dev\/program-afiliasi\/#breadcrumb"},"inLanguage":"pt-BR","potentialAction":[{"@type":"ReadAction","target":["https:\/\/quotex.dev\/program-afiliasi\/"]}]},{"@type":"BreadcrumbList","@id":"https:\/\/quotex.dev\/program-afiliasi\/#breadcrumb","itemListElement":[{"@type":"ListItem","position":1,"name":"Beranda","item":"https:\/\/quotex.dev\/"},{"@type":"ListItem","position":2,"name":"Syarat dan Ketentuan Program Afiliasi Quotex"}]},{"@type":"WebSite","@id":"https:\/\/quotex.dev\/#website","url":"https:\/\/quotex.dev\/","name":"Quotex","description":"Platform inovatif untuk investasi online","publisher":{"@id":"https:\/\/quotex.dev\/#organization"},"alternateName":"quotex login","potentialAction":[{"@type":"SearchAction","target":{"@type":"EntryPoint","urlTemplate":"https:\/\/quotex.dev\/?s={search_term_string}"},"query-input":{"@type":"PropertyValueSpecification","valueRequired":true,"valueName":"search_term_string"}}],"inLanguage":"pt-BR"},{"@type":"Organization","@id":"https:\/\/quotex.dev\/#organization","name":"Quotex","url":"https:\/\/quotex.dev\/","logo":{"@type":"ImageObject","inLanguage":"pt-BR","@id":"https:\/\/quotex.dev\/#\/schema\/logo\/image\/","url":"https:\/\/quotex.dev\/wp-content\/uploads\/2024\/05\/cropped-favicon_quotex.jpg","contentUrl":"https:\/\/quotex.dev\/wp-content\/uploads\/2024\/05\/cropped-favicon_quotex.jpg","width":512,"height":512,"caption":"Quotex"},"image":{"@id":"https:\/\/quotex.dev\/#\/schema\/logo\/image\/"},"sameAs":["https:\/\/www.facebook.com\/quotexio\/","https:\/\/x.com\/quotex_platform"]}]}},"_links":{"self":[{"href":"https:\/\/quotex.dev\/pt\/wp-json\/wp\/v2\/pages\/1220","targetHints":{"allow":["GET"]}}],"collection":[{"href":"https:\/\/quotex.dev\/pt\/wp-json\/wp\/v2\/pages"}],"about":[{"href":"https:\/\/quotex.dev\/pt\/wp-json\/wp\/v2\/types\/page"}],"author":[{"embeddable":true,"href":"https:\/\/quotex.dev\/pt\/wp-json\/wp\/v2\/users\/1"}],"replies":[{"embeddable":true,"href":"https:\/\/quotex.dev\/pt\/wp-json\/wp\/v2\/comments?post=1220"}],"version-history":[{"count":0,"href":"https:\/\/quotex.dev\/pt\/wp-json\/wp\/v2\/pages\/1220\/revisions"}],"wp:attachment":[{"href":"https:\/\/quotex.dev\/pt\/wp-json\/wp\/v2\/media?parent=1220"}],"curies":[{"name":"wp","href":"https:\/\/api.w.org\/{rel}","templated":true}]}}