{"id":1414,"date":"2024-05-19T12:58:03","date_gmt":"2024-05-19T12:58:03","guid":{"rendered":"https:\/\/quotex.dev\/?page_id=1414"},"modified":"2024-05-19T12:58:05","modified_gmt":"2024-05-19T12:58:05","slug":"promo-quotex","status":"publish","type":"page","link":"https:\/\/quotex.dev\/pt\/promo-quotex\/","title":{"rendered":"Promo Quotex"},"content":{"rendered":"<div data-elementor-type=\"wp-page\" data-elementor-id=\"1414\" class=\"elementor elementor-1414\">\n\t\t\t\t\t\t<section class=\"elementor-section elementor-top-section elementor-element elementor-element-041bd0e elementor-section-boxed elementor-section-height-default elementor-section-height-default\" data-id=\"041bd0e\" data-element_type=\"section\" data-e-type=\"section\">\n\t\t\t\t\t\t<div class=\"elementor-container elementor-column-gap-default\">\n\t\t\t\t\t<div class=\"elementor-column elementor-col-100 elementor-top-column elementor-element elementor-element-67aebca\" data-id=\"67aebca\" data-element_type=\"column\" data-e-type=\"column\">\n\t\t\t<div class=\"elementor-widget-wrap elementor-element-populated\">\n\t\t\t\t\t\t<section class=\"elementor-section elementor-inner-section elementor-element elementor-element-c43cb95 elementor-section-boxed elementor-section-height-default elementor-section-height-default\" data-id=\"c43cb95\" data-element_type=\"section\" data-e-type=\"section\">\n\t\t\t\t\t\t<div class=\"elementor-container elementor-column-gap-default\">\n\t\t\t\t\t<div class=\"elementor-column elementor-col-33 elementor-inner-column elementor-element elementor-element-a9e628f\" data-id=\"a9e628f\" data-element_type=\"column\" data-e-type=\"column\" data-settings=\"{&quot;background_background&quot;:&quot;classic&quot;}\">\n\t\t\t<div class=\"elementor-widget-wrap elementor-element-populated\">\n\t\t\t\t\t\t<div class=\"elementor-element elementor-element-4647bcc elementor-position-top elementor-widget elementor-widget-image-box\" data-id=\"4647bcc\" data-element_type=\"widget\" data-e-type=\"widget\" data-widget_type=\"image-box.default\">\n\t\t\t\t<div class=\"elementor-widget-container\">\n\t\t\t\t\t<div class=\"elementor-image-box-wrapper\"><figure class=\"elementor-image-box-img\"><img fetchpriority=\"high\" decoding=\"async\" width=\"575\" height=\"355\" src=\"https:\/\/quotex.dev\/wp-content\/uploads\/2024\/05\/promo1.png\" class=\"attachment-full size-full wp-image-1416\" alt=\"promo quotex\" srcset=\"https:\/\/quotex.dev\/wp-content\/uploads\/2024\/05\/promo1.png 575w, https:\/\/quotex.dev\/wp-content\/uploads\/2024\/05\/promo1-300x185.png 300w, https:\/\/quotex.dev\/wp-content\/uploads\/2024\/05\/promo1-18x12.png 18w\" sizes=\"(max-width: 575px) 100vw, 575px\" \/><\/figure><div class=\"elementor-image-box-content\"><h3 class=\"elementor-image-box-title\">Sem risco<\/h3><p class=\"elementor-image-box-description\">Negocia\u00e7\u00e3o sem risco significa que voc\u00ea pode negociar com uma determinada quantia de dinheiro sem arriscar nenhum fundo. Se a negocia\u00e7\u00e3o sem risco for bem-sucedida, o lucro ser\u00e1 creditado em seu saldo.<\/p><\/div><\/div>\t\t\t\t<\/div>\n\t\t\t\t<\/div>\n\t\t\t\t\t<\/div>\n\t\t<\/div>\n\t\t\t\t<div class=\"elementor-column elementor-col-33 elementor-inner-column elementor-element elementor-element-6c7f865\" data-id=\"6c7f865\" data-element_type=\"column\" data-e-type=\"column\" data-settings=\"{&quot;background_background&quot;:&quot;classic&quot;}\">\n\t\t\t<div class=\"elementor-widget-wrap elementor-element-populated\">\n\t\t\t\t\t\t<div class=\"elementor-element elementor-element-acbbd6b elementor-position-top elementor-widget elementor-widget-image-box\" data-id=\"acbbd6b\" data-element_type=\"widget\" data-e-type=\"widget\" data-widget_type=\"image-box.default\">\n\t\t\t\t<div class=\"elementor-widget-container\">\n\t\t\t\t\t<div class=\"elementor-image-box-wrapper\"><figure class=\"elementor-image-box-img\"><img decoding=\"async\" width=\"576\" height=\"346\" src=\"https:\/\/quotex.dev\/wp-content\/uploads\/2024\/05\/promo2.png\" class=\"attachment-full size-full wp-image-1418\" alt=\"promo quotex\" srcset=\"https:\/\/quotex.dev\/wp-content\/uploads\/2024\/05\/promo2.png 576w, https:\/\/quotex.dev\/wp-content\/uploads\/2024\/05\/promo2-300x180.png 300w, https:\/\/quotex.dev\/wp-content\/uploads\/2024\/05\/promo2-18x12.png 18w\" sizes=\"(max-width: 576px) 100vw, 576px\" \/><\/figure><div class=\"elementor-image-box-content\"><h3 class=\"elementor-image-box-title\">Cashback<\/h3><p class=\"elementor-image-box-description\">Se voc\u00ea sofrer uma perda durante o per\u00edodo de validade do c\u00f3digo promocional, receber\u00e1 uma compensa\u00e7\u00e3o na forma de cashback. O reembolso ser\u00e1 concedido em uma determinada porcentagem de suas perdas.<\/p><\/div><\/div>\t\t\t\t<\/div>\n\t\t\t\t<\/div>\n\t\t\t\t\t<\/div>\n\t\t<\/div>\n\t\t\t\t<div class=\"elementor-column elementor-col-33 elementor-inner-column elementor-element elementor-element-b85041c\" data-id=\"b85041c\" data-element_type=\"column\" data-e-type=\"column\" data-settings=\"{&quot;background_background&quot;:&quot;classic&quot;}\">\n\t\t\t<div class=\"elementor-widget-wrap elementor-element-populated\">\n\t\t\t\t\t\t<div class=\"elementor-element elementor-element-c52467b elementor-position-top elementor-widget elementor-widget-image-box\" data-id=\"c52467b\" data-element_type=\"widget\" data-e-type=\"widget\" data-widget_type=\"image-box.default\">\n\t\t\t\t<div class=\"elementor-widget-container\">\n\t\t\t\t\t<div class=\"elementor-image-box-wrapper\"><figure class=\"elementor-image-box-img\"><img decoding=\"async\" width=\"583\" height=\"347\" src=\"https:\/\/quotex.dev\/wp-content\/uploads\/2024\/05\/promo3.png\" class=\"attachment-full size-full wp-image-1419\" alt=\"\" srcset=\"https:\/\/quotex.dev\/wp-content\/uploads\/2024\/05\/promo3.png 583w, https:\/\/quotex.dev\/wp-content\/uploads\/2024\/05\/promo3-300x179.png 300w, https:\/\/quotex.dev\/wp-content\/uploads\/2024\/05\/promo3-18x12.png 18w\" sizes=\"(max-width: 583px) 100vw, 583px\" \/><\/figure><div class=\"elementor-image-box-content\"><h3 class=\"elementor-image-box-title\">B\u00f4nus de dep\u00f3sito<\/h3><p class=\"elementor-image-box-description\">As porcentagens de b\u00f4nus variam de 10% de b\u00f4nus de dep\u00f3sito a 100%. Seu b\u00f4nus de dep\u00f3sito \u00e9 adicionado automaticamente ao seu saldo. Por exemplo, um dep\u00f3sito de US$ 100 com um b\u00f4nus de dep\u00f3sito de 100%, seu saldo ser\u00e1 de US$ 200.<\/p><\/div><\/div>\t\t\t\t<\/div>\n\t\t\t\t<\/div>\n\t\t\t\t\t<\/div>\n\t\t<\/div>\n\t\t\t\t\t<\/div>\n\t\t<\/section>\n\t\t\t\t\t<\/div>\n\t\t<\/div>\n\t\t\t\t\t<\/div>\n\t\t<\/section>\n\t\t\t\t<section class=\"elementor-section elementor-top-section elementor-element elementor-element-d34898e elementor-section-boxed elementor-section-height-default elementor-section-height-default\" data-id=\"d34898e\" data-element_type=\"section\" data-e-type=\"section\">\n\t\t\t\t\t\t<div class=\"elementor-container elementor-column-gap-default\">\n\t\t\t\t\t<div class=\"elementor-column elementor-col-100 elementor-top-column elementor-element elementor-element-a19b680\" data-id=\"a19b680\" data-element_type=\"column\" data-e-type=\"column\">\n\t\t\t<div class=\"elementor-widget-wrap elementor-element-populated\">\n\t\t\t\t\t\t<section class=\"elementor-section elementor-inner-section elementor-element elementor-element-c975577 elementor-section-boxed elementor-section-height-default elementor-section-height-default\" data-id=\"c975577\" data-element_type=\"section\" data-e-type=\"section\">\n\t\t\t\t\t\t<div class=\"elementor-container elementor-column-gap-default\">\n\t\t\t\t\t<div class=\"elementor-column elementor-col-33 elementor-inner-column elementor-element elementor-element-0ea1e4c\" data-id=\"0ea1e4c\" data-element_type=\"column\" data-e-type=\"column\" data-settings=\"{&quot;background_background&quot;:&quot;classic&quot;}\">\n\t\t\t<div class=\"elementor-widget-wrap elementor-element-populated\">\n\t\t\t\t\t\t<div class=\"elementor-element elementor-element-7104c96 elementor-position-top elementor-widget elementor-widget-image-box\" data-id=\"7104c96\" data-element_type=\"widget\" data-e-type=\"widget\" data-widget_type=\"image-box.default\">\n\t\t\t\t<div class=\"elementor-widget-container\">\n\t\t\t\t\t<div class=\"elementor-image-box-wrapper\"><figure class=\"elementor-image-box-img\"><img loading=\"lazy\" decoding=\"async\" width=\"575\" height=\"349\" src=\"https:\/\/quotex.dev\/wp-content\/uploads\/2024\/05\/promo4.png\" class=\"attachment-full size-full wp-image-1420\" alt=\"promo quotex\" srcset=\"https:\/\/quotex.dev\/wp-content\/uploads\/2024\/05\/promo4.png 575w, https:\/\/quotex.dev\/wp-content\/uploads\/2024\/05\/promo4-300x182.png 300w, https:\/\/quotex.dev\/wp-content\/uploads\/2024\/05\/promo4-18x12.png 18w\" sizes=\"(max-width: 575px) 100vw, 575px\" \/><\/figure><div class=\"elementor-image-box-content\"><h3 class=\"elementor-image-box-title\">Porcentagem de rotatividade<\/h3><p class=\"elementor-image-box-description\">Ganhe comiss\u00e3o por cada negocia\u00e7\u00e3o que voc\u00ea abrir. A porcentagem da comiss\u00e3o \u00e9 determinada pela Quotex e ser\u00e1 creditada em sua conta. Registre-se na Quotex e receba outras promo\u00e7\u00f5es interessantes.<\/p><\/div><\/div>\t\t\t\t<\/div>\n\t\t\t\t<\/div>\n\t\t\t\t\t<\/div>\n\t\t<\/div>\n\t\t\t\t<div class=\"elementor-column elementor-col-33 elementor-inner-column elementor-element elementor-element-4700667\" data-id=\"4700667\" data-element_type=\"column\" data-e-type=\"column\" data-settings=\"{&quot;background_background&quot;:&quot;classic&quot;}\">\n\t\t\t<div class=\"elementor-widget-wrap elementor-element-populated\">\n\t\t\t\t\t\t<div class=\"elementor-element elementor-element-2837163 elementor-position-top elementor-widget elementor-widget-image-box\" data-id=\"2837163\" data-element_type=\"widget\" data-e-type=\"widget\" data-widget_type=\"image-box.default\">\n\t\t\t\t<div class=\"elementor-widget-container\">\n\t\t\t\t\t<div class=\"elementor-image-box-wrapper\"><figure class=\"elementor-image-box-img\"><img loading=\"lazy\" decoding=\"async\" width=\"583\" height=\"345\" src=\"https:\/\/quotex.dev\/wp-content\/uploads\/2024\/05\/promo5.png\" class=\"attachment-full size-full wp-image-1421\" alt=\"\" srcset=\"https:\/\/quotex.dev\/wp-content\/uploads\/2024\/05\/promo5.png 583w, https:\/\/quotex.dev\/wp-content\/uploads\/2024\/05\/promo5-300x178.png 300w, https:\/\/quotex.dev\/wp-content\/uploads\/2024\/05\/promo5-18x12.png 18w\" sizes=\"(max-width: 583px) 100vw, 583px\" \/><\/figure><div class=\"elementor-image-box-content\"><h3 class=\"elementor-image-box-title\">B\u00f4nus de saldo<\/h3><p class=\"elementor-image-box-description\">O b\u00f4nus de saldo pode ser aproveitado sem completar o faturamento. Esse tipo de promo\u00e7\u00e3o s\u00f3 existe em nossa comunidade e pode ser transferido diretamente para o saldo de sua conta.<\/p><\/div><\/div>\t\t\t\t<\/div>\n\t\t\t\t<\/div>\n\t\t\t\t\t<\/div>\n\t\t<\/div>\n\t\t\t\t<div class=\"elementor-column elementor-col-33 elementor-inner-column elementor-element elementor-element-6415441\" data-id=\"6415441\" data-element_type=\"column\" data-e-type=\"column\" data-settings=\"{&quot;background_background&quot;:&quot;classic&quot;}\">\n\t\t\t<div class=\"elementor-widget-wrap elementor-element-populated\">\n\t\t\t\t\t\t<div class=\"elementor-element elementor-element-a32075d elementor-position-top elementor-widget elementor-widget-image-box\" data-id=\"a32075d\" data-element_type=\"widget\" data-e-type=\"widget\" data-widget_type=\"image-box.default\">\n\t\t\t\t<div class=\"elementor-widget-container\">\n\t\t\t\t\t<div class=\"elementor-image-box-wrapper\"><figure class=\"elementor-image-box-img\"><img loading=\"lazy\" decoding=\"async\" width=\"582\" height=\"349\" src=\"https:\/\/quotex.dev\/wp-content\/uploads\/2024\/05\/promo6.png\" class=\"attachment-full size-full wp-image-1422\" alt=\"promo quotex\" srcset=\"https:\/\/quotex.dev\/wp-content\/uploads\/2024\/05\/promo6.png 582w, https:\/\/quotex.dev\/wp-content\/uploads\/2024\/05\/promo6-300x180.png 300w, https:\/\/quotex.dev\/wp-content\/uploads\/2024\/05\/promo6-18x12.png 18w\" sizes=\"(max-width: 582px) 100vw, 582px\" \/><\/figure><div class=\"elementor-image-box-content\"><h3 class=\"elementor-image-box-title\">Cancelar X pontos<\/h3><p class=\"elementor-image-box-description\">Quando a negocia\u00e7\u00e3o que estiver executando estiver em uma posi\u00e7\u00e3o perdedora, voc\u00ea poder\u00e1 cancelar automaticamente a posi\u00e7\u00e3o com uma diferen\u00e7a de v\u00e1rios pontos. O n\u00famero de pontos ser\u00e1 determinado pelo c\u00f3digo promocional.<\/p><\/div><\/div>\t\t\t\t<\/div>\n\t\t\t\t<\/div>\n\t\t\t\t\t<\/div>\n\t\t<\/div>\n\t\t\t\t\t<\/div>\n\t\t<\/section>\n\t\t\t\t\t<\/div>\n\t\t<\/div>\n\t\t\t\t\t<\/div>\n\t\t<\/section>\n\t\t\t\t<section class=\"elementor-section elementor-top-section elementor-element elementor-element-4846063 elementor-section-boxed elementor-section-height-default elementor-section-height-default\" data-id=\"4846063\" data-element_type=\"section\" data-e-type=\"section\">\n\t\t\t\t\t\t<div class=\"elementor-container elementor-column-gap-default\">\n\t\t\t\t\t<div class=\"elementor-column elementor-col-25 elementor-top-column elementor-element elementor-element-23b2def\" data-id=\"23b2def\" data-element_type=\"column\" data-e-type=\"column\">\n\t\t\t<div class=\"elementor-widget-wrap\">\n\t\t\t\t\t\t\t<\/div>\n\t\t<\/div>\n\t\t\t\t<div class=\"elementor-column elementor-col-50 elementor-top-column elementor-element elementor-element-dfd03b1\" data-id=\"dfd03b1\" data-element_type=\"column\" data-e-type=\"column\">\n\t\t\t<div class=\"elementor-widget-wrap elementor-element-populated\">\n\t\t\t\t\t\t<div class=\"elementor-element elementor-element-8a400be elementor-align-justify elementor-tablet-align-justify elementor-widget elementor-widget-button\" data-id=\"8a400be\" data-element_type=\"widget\" data-e-type=\"widget\" data-widget_type=\"button.default\">\n\t\t\t\t<div class=\"elementor-widget-container\">\n\t\t\t\t\t\t\t\t\t<div class=\"elementor-button-wrapper\">\n\t\t\t\t\t<a class=\"elementor-button elementor-button-link elementor-size-sm\" href=\"https:\/\/quotex.dev\/pt\/go\/app\/\">\n\t\t\t\t\t\t<span class=\"elementor-button-content-wrapper\">\n\t\t\t\t\t\t\t\t\t<span class=\"elementor-button-text\">Obter todas as promo\u00e7\u00f5es acima<\/span>\n\t\t\t\t\t<\/span>\n\t\t\t\t\t<\/a>\n\t\t\t\t<\/div>\n\t\t\t\t\t\t\t\t<\/div>\n\t\t\t\t<\/div>\n\t\t\t\t\t<\/div>\n\t\t<\/div>\n\t\t\t\t<div class=\"elementor-column elementor-col-25 elementor-top-column elementor-element elementor-element-05e143d\" data-id=\"05e143d\" data-element_type=\"column\" data-e-type=\"column\">\n\t\t\t<div class=\"elementor-widget-wrap\">\n\t\t\t\t\t\t\t<\/div>\n\t\t<\/div>\n\t\t\t\t\t<\/div>\n\t\t<\/section>\n\t\t\t\t<\/div>","protected":false},"excerpt":{"rendered":"<p>Bebas resiko Perdagangan bebas risiko berarti Anda dapat melakukan perdagangan dengan sejumlah uang tertentu tanpa mempertaruhkan dana apa pun. Jika perdagangan bebas risiko berhasil, keuntungannya akan dikreditkan ke saldo Anda. Uang kembali Jika Anda mengalami kerugian selama masa berlaku kode promo, maka Anda akan mendapatkan kompensasi berupa cashback. Cashback akan diberikan dalam persentase tertentu dari&#8230;<\/p>","protected":false},"author":1,"featured_media":0,"parent":0,"menu_order":0,"comment_status":"closed","ping_status":"closed","template":"elementor_header_footer","meta":{"_kadence_starter_templates_imported_post":false,"_kad_post_transparent":"","_kad_post_title":"hide","_kad_post_layout":"fullwidth","_kad_post_sidebar_id":"","_kad_post_content_style":"unboxed","_kad_post_vertical_padding":"hide","_kad_post_feature":"hide","_kad_post_feature_position":"","_kad_post_header":false,"_kad_post_footer":false,"_kad_post_classname":"","footnotes":""},"class_list":["post-1414","page","type-page","status-publish","hentry"],"yoast_head":"<!-- This site is optimized with the Yoast SEO plugin v27.3 - https:\/\/yoast.com\/product\/yoast-seo-wordpress\/ -->\n<title>Promo Quotex | Platform inovatif untuk investasi online<\/title>\n<meta name=\"description\" content=\"Dapatkan promo menarik dari quotex mulai dari transaksi Bebas risiko, Saldo gratis, Bonus deposit dan masih banyak lagi\" \/>\n<meta name=\"robots\" content=\"index, follow, max-snippet:-1, max-image-preview:large, max-video-preview:-1\" \/>\n<link rel=\"canonical\" href=\"https:\/\/quotex.dev\/pt\/promo-quotex\/\" \/>\n<meta property=\"og:locale\" content=\"pt_BR\" \/>\n<meta property=\"og:type\" content=\"article\" \/>\n<meta property=\"og:title\" content=\"Promo Quotex | Platform inovatif untuk investasi online\" \/>\n<meta property=\"og:description\" content=\"Dapatkan promo menarik dari quotex mulai dari transaksi Bebas risiko, Saldo gratis, Bonus deposit dan masih banyak lagi\" \/>\n<meta property=\"og:url\" content=\"https:\/\/quotex.dev\/pt\/promo-quotex\/\" \/>\n<meta property=\"og:site_name\" content=\"Quotex\" \/>\n<meta property=\"article:publisher\" content=\"https:\/\/www.facebook.com\/quotexio\/\" \/>\n<meta property=\"article:modified_time\" content=\"2024-05-19T12:58:05+00:00\" \/>\n<meta property=\"og:image\" content=\"https:\/\/quotex.dev\/wp-content\/uploads\/2024\/05\/promo1.png\" \/>\n<meta name=\"twitter:card\" content=\"summary_large_image\" \/>\n<meta name=\"twitter:site\" content=\"@quotex_platform\" \/>\n<meta name=\"twitter:label1\" content=\"Est. tempo de leitura\" \/>\n\t<meta name=\"twitter:data1\" content=\"3 minutos\" \/>\n<script type=\"application\/ld+json\" class=\"yoast-schema-graph\">{\"@context\":\"https:\\\/\\\/schema.org\",\"@graph\":[{\"@type\":\"WebPage\",\"@id\":\"https:\\\/\\\/quotex.dev\\\/promo-quotex\\\/\",\"url\":\"https:\\\/\\\/quotex.dev\\\/promo-quotex\\\/\",\"name\":\"Promo Quotex | Platform inovatif untuk investasi online\",\"isPartOf\":{\"@id\":\"https:\\\/\\\/quotex.dev\\\/#website\"},\"primaryImageOfPage\":{\"@id\":\"https:\\\/\\\/quotex.dev\\\/promo-quotex\\\/#primaryimage\"},\"image\":{\"@id\":\"https:\\\/\\\/quotex.dev\\\/promo-quotex\\\/#primaryimage\"},\"thumbnailUrl\":\"https:\\\/\\\/quotex.dev\\\/wp-content\\\/uploads\\\/2024\\\/05\\\/promo1.png\",\"datePublished\":\"2024-05-19T12:58:03+00:00\",\"dateModified\":\"2024-05-19T12:58:05+00:00\",\"description\":\"Dapatkan promo menarik dari quotex mulai dari transaksi Bebas risiko, Saldo gratis, Bonus deposit dan masih banyak lagi\",\"breadcrumb\":{\"@id\":\"https:\\\/\\\/quotex.dev\\\/promo-quotex\\\/#breadcrumb\"},\"inLanguage\":\"pt-BR\",\"potentialAction\":[{\"@type\":\"ReadAction\",\"target\":[\"https:\\\/\\\/quotex.dev\\\/promo-quotex\\\/\"]}]},{\"@type\":\"ImageObject\",\"inLanguage\":\"pt-BR\",\"@id\":\"https:\\\/\\\/quotex.dev\\\/promo-quotex\\\/#primaryimage\",\"url\":\"https:\\\/\\\/quotex.dev\\\/wp-content\\\/uploads\\\/2024\\\/05\\\/promo1.png\",\"contentUrl\":\"https:\\\/\\\/quotex.dev\\\/wp-content\\\/uploads\\\/2024\\\/05\\\/promo1.png\"},{\"@type\":\"BreadcrumbList\",\"@id\":\"https:\\\/\\\/quotex.dev\\\/promo-quotex\\\/#breadcrumb\",\"itemListElement\":[{\"@type\":\"ListItem\",\"position\":1,\"name\":\"Beranda\",\"item\":\"https:\\\/\\\/quotex.dev\\\/\"},{\"@type\":\"ListItem\",\"position\":2,\"name\":\"Promo Quotex\"}]},{\"@type\":\"WebSite\",\"@id\":\"https:\\\/\\\/quotex.dev\\\/#website\",\"url\":\"https:\\\/\\\/quotex.dev\\\/\",\"name\":\"Quotex\",\"description\":\"Platform inovatif untuk investasi online\",\"publisher\":{\"@id\":\"https:\\\/\\\/quotex.dev\\\/#organization\"},\"alternateName\":\"quotex login\",\"potentialAction\":[{\"@type\":\"SearchAction\",\"target\":{\"@type\":\"EntryPoint\",\"urlTemplate\":\"https:\\\/\\\/quotex.dev\\\/?s={search_term_string}\"},\"query-input\":{\"@type\":\"PropertyValueSpecification\",\"valueRequired\":true,\"valueName\":\"search_term_string\"}}],\"inLanguage\":\"pt-BR\"},{\"@type\":\"Organization\",\"@id\":\"https:\\\/\\\/quotex.dev\\\/#organization\",\"name\":\"Quotex\",\"url\":\"https:\\\/\\\/quotex.dev\\\/\",\"logo\":{\"@type\":\"ImageObject\",\"inLanguage\":\"pt-BR\",\"@id\":\"https:\\\/\\\/quotex.dev\\\/#\\\/schema\\\/logo\\\/image\\\/\",\"url\":\"https:\\\/\\\/quotex.dev\\\/wp-content\\\/uploads\\\/2024\\\/05\\\/cropped-favicon_quotex.jpg\",\"contentUrl\":\"https:\\\/\\\/quotex.dev\\\/wp-content\\\/uploads\\\/2024\\\/05\\\/cropped-favicon_quotex.jpg\",\"width\":512,\"height\":512,\"caption\":\"Quotex\"},\"image\":{\"@id\":\"https:\\\/\\\/quotex.dev\\\/#\\\/schema\\\/logo\\\/image\\\/\"},\"sameAs\":[\"https:\\\/\\\/www.facebook.com\\\/quotexio\\\/\",\"https:\\\/\\\/x.com\\\/quotex_platform\"]}]}<\/script>\n<!-- \/ Yoast SEO plugin. -->","yoast_head_json":{"title":"Promo Quotex | Platform inovatif untuk investasi online","description":"Dapatkan promo menarik dari quotex mulai dari transaksi Bebas risiko, Saldo gratis, Bonus deposit dan masih banyak lagi","robots":{"index":"index","follow":"follow","max-snippet":"max-snippet:-1","max-image-preview":"max-image-preview:large","max-video-preview":"max-video-preview:-1"},"canonical":"https:\/\/quotex.dev\/pt\/promo-quotex\/","og_locale":"pt_BR","og_type":"article","og_title":"Promo Quotex | Platform inovatif untuk investasi online","og_description":"Dapatkan promo menarik dari quotex mulai dari transaksi Bebas risiko, Saldo gratis, Bonus deposit dan masih banyak lagi","og_url":"https:\/\/quotex.dev\/pt\/promo-quotex\/","og_site_name":"Quotex","article_publisher":"https:\/\/www.facebook.com\/quotexio\/","article_modified_time":"2024-05-19T12:58:05+00:00","og_image":[{"url":"https:\/\/quotex.dev\/wp-content\/uploads\/2024\/05\/promo1.png","type":"","width":"","height":""}],"twitter_card":"summary_large_image","twitter_site":"@quotex_platform","twitter_misc":{"Est. tempo de leitura":"3 minutos"},"schema":{"@context":"https:\/\/schema.org","@graph":[{"@type":"WebPage","@id":"https:\/\/quotex.dev\/promo-quotex\/","url":"https:\/\/quotex.dev\/promo-quotex\/","name":"Promo Quotex | Platform inovatif untuk investasi online","isPartOf":{"@id":"https:\/\/quotex.dev\/#website"},"primaryImageOfPage":{"@id":"https:\/\/quotex.dev\/promo-quotex\/#primaryimage"},"image":{"@id":"https:\/\/quotex.dev\/promo-quotex\/#primaryimage"},"thumbnailUrl":"https:\/\/quotex.dev\/wp-content\/uploads\/2024\/05\/promo1.png","datePublished":"2024-05-19T12:58:03+00:00","dateModified":"2024-05-19T12:58:05+00:00","description":"Dapatkan promo menarik dari quotex mulai dari transaksi Bebas risiko, Saldo gratis, Bonus deposit dan masih banyak lagi","breadcrumb":{"@id":"https:\/\/quotex.dev\/promo-quotex\/#breadcrumb"},"inLanguage":"pt-BR","potentialAction":[{"@type":"ReadAction","target":["https:\/\/quotex.dev\/promo-quotex\/"]}]},{"@type":"ImageObject","inLanguage":"pt-BR","@id":"https:\/\/quotex.dev\/promo-quotex\/#primaryimage","url":"https:\/\/quotex.dev\/wp-content\/uploads\/2024\/05\/promo1.png","contentUrl":"https:\/\/quotex.dev\/wp-content\/uploads\/2024\/05\/promo1.png"},{"@type":"BreadcrumbList","@id":"https:\/\/quotex.dev\/promo-quotex\/#breadcrumb","itemListElement":[{"@type":"ListItem","position":1,"name":"Beranda","item":"https:\/\/quotex.dev\/"},{"@type":"ListItem","position":2,"name":"Promo Quotex"}]},{"@type":"WebSite","@id":"https:\/\/quotex.dev\/#website","url":"https:\/\/quotex.dev\/","name":"Quotex","description":"Platform inovatif untuk investasi online","publisher":{"@id":"https:\/\/quotex.dev\/#organization"},"alternateName":"quotex login","potentialAction":[{"@type":"SearchAction","target":{"@type":"EntryPoint","urlTemplate":"https:\/\/quotex.dev\/?s={search_term_string}"},"query-input":{"@type":"PropertyValueSpecification","valueRequired":true,"valueName":"search_term_string"}}],"inLanguage":"pt-BR"},{"@type":"Organization","@id":"https:\/\/quotex.dev\/#organization","name":"Quotex","url":"https:\/\/quotex.dev\/","logo":{"@type":"ImageObject","inLanguage":"pt-BR","@id":"https:\/\/quotex.dev\/#\/schema\/logo\/image\/","url":"https:\/\/quotex.dev\/wp-content\/uploads\/2024\/05\/cropped-favicon_quotex.jpg","contentUrl":"https:\/\/quotex.dev\/wp-content\/uploads\/2024\/05\/cropped-favicon_quotex.jpg","width":512,"height":512,"caption":"Quotex"},"image":{"@id":"https:\/\/quotex.dev\/#\/schema\/logo\/image\/"},"sameAs":["https:\/\/www.facebook.com\/quotexio\/","https:\/\/x.com\/quotex_platform"]}]}},"_links":{"self":[{"href":"https:\/\/quotex.dev\/pt\/wp-json\/wp\/v2\/pages\/1414","targetHints":{"allow":["GET"]}}],"collection":[{"href":"https:\/\/quotex.dev\/pt\/wp-json\/wp\/v2\/pages"}],"about":[{"href":"https:\/\/quotex.dev\/pt\/wp-json\/wp\/v2\/types\/page"}],"author":[{"embeddable":true,"href":"https:\/\/quotex.dev\/pt\/wp-json\/wp\/v2\/users\/1"}],"replies":[{"embeddable":true,"href":"https:\/\/quotex.dev\/pt\/wp-json\/wp\/v2\/comments?post=1414"}],"version-history":[{"count":0,"href":"https:\/\/quotex.dev\/pt\/wp-json\/wp\/v2\/pages\/1414\/revisions"}],"wp:attachment":[{"href":"https:\/\/quotex.dev\/pt\/wp-json\/wp\/v2\/media?parent=1414"}],"curies":[{"name":"wp","href":"https:\/\/api.w.org\/{rel}","templated":true}]}}